{"id":1619,"date":"2021-03-06T08:45:24","date_gmt":"2021-03-06T06:45:24","guid":{"rendered":"https:\/\/opentobe.de\/?page_id=1619"},"modified":"2025-04-19T06:10:36","modified_gmt":"2025-04-19T04:10:36","slug":"karte-skipper-tipps","status":"publish","type":"page","link":"https:\/\/opentobe.de\/?page_id=1619","title":{"rendered":"#Karte Kroatien-Tipps"},"content":{"rendered":"\n<p>Die Karte<br><a href=\"https:\/\/www.google.com\/maps\/d\/edit?mid=1lvypuzWaRPZNcga2rCnIQqeOiWwT5JYu&amp;usp=sharing\">https:\/\/www.google.com\/maps\/d\/edit?mid=1lvypuzWaRPZNcga2rCnIQqeOiWwT5JYu&amp;usp=sharing<\/a> enth\u00e4lt Empfehlungen \/ pers\u00f6nliche Erfahrungen der j\u00fcngsten Zeit mit der SY OpenToBe. Zudem sind Hinweise weiterer Yachten jeweils benannt \/ verzeichnet.<br><br>Die Karte ist und bleibt nat\u00fcrlich kostenfrei.<br><br>Es handelt sich um bew\u00e4hrte Standards und m\u00f6glichst aktuelle Infos dazu aus unserer Sicht und auf Empfehlung von Yachten aus der TO-Szene. Und wer bei Trans Ocean e.V. ist, liest auch einiges in den Gruppen dazu.<br><br><br><br><\/p>\n\n\n\n<p><\/p>\n","protected":false},"excerpt":{"rendered":"<p>Die Kartehttps:\/\/www.google.com\/maps\/d\/edit?mid=1lvypuzWaRPZNcga2rCnIQqeOiWwT5JYu&amp;usp=sharing enth\u00e4lt Empfehlungen \/ pers\u00f6nliche Erfahrungen der j\u00fcngsten Zeit mit der SY OpenToBe. Zudem sind Hinweise weiterer Yachten jeweils benannt \/ verzeichnet. Die Karte ist und bleibt nat\u00fcrlich kostenfrei. Es handelt sich um bew\u00e4hrte Standards und m\u00f6glichst aktuelle Infos dazu aus unserer Sicht und auf Empfehlung von Yachten aus der TO-Szene. Und wer bei [&hellip;]<\/p>\n","protected":false},"author":1,"featured_media":0,"parent":0,"menu_order":0,"comment_status":"closed","ping_status":"closed","template":"","meta":{"footnotes":""},"class_list":["post-1619","page","type-page","status-publish","hentry"],"_links":{"self":[{"href":"https:\/\/opentobe.de\/index.php?rest_route=\/wp\/v2\/pages\/1619","targetHints":{"allow":["GET"]}}],"collection":[{"href":"https:\/\/opentobe.de\/index.php?rest_route=\/wp\/v2\/pages"}],"about":[{"href":"https:\/\/opentobe.de\/index.php?rest_route=\/wp\/v2\/types\/page"}],"author":[{"embeddable":true,"href":"https:\/\/opentobe.de\/index.php?rest_route=\/wp\/v2\/users\/1"}],"replies":[{"embeddable":true,"href":"https:\/\/opentobe.de\/index.php?rest_route=%2Fwp%2Fv2%2Fcomments&post=1619"}],"version-history":[{"count":35,"href":"https:\/\/opentobe.de\/index.php?rest_route=\/wp\/v2\/pages\/1619\/revisions"}],"predecessor-version":[{"id":4819,"href":"https:\/\/opentobe.de\/index.php?rest_route=\/wp\/v2\/pages\/1619\/revisions\/4819"}],"wp:attachment":[{"href":"https:\/\/opentobe.de\/index.php?rest_route=%2Fwp%2Fv2%2Fmedia&parent=1619"}],"curies":[{"name":"wp","href":"https:\/\/api.w.org\/{rel}","templated":true}]}}