{"id":195,"date":"2018-03-17T08:45:38","date_gmt":"2018-03-17T06:45:38","guid":{"rendered":"http:\/\/opentobe.de\/?page_id=195"},"modified":"2026-04-02T08:31:14","modified_gmt":"2026-04-02T06:31:14","slug":"seewetterberichte-adria-mittelmeer","status":"publish","type":"page","link":"https:\/\/opentobe.de\/?page_id=195","title":{"rendered":"#Wetter \/ Weather | Notices to Mariners |  Navigational Warnings | E-Services"},"content":{"rendered":"\n<p><strong>nautische E-Services<\/strong>:<br><br>Aktualisierung Seekarten, Notices to Mariners, Radio Navigational Warnings<strong>&#8230;<\/strong> \u00fcber das neue (seit 06\/2025) Geoportal in einem Dashboard, was fr\u00fcher einzelne Links waren: <a href=\"https:\/\/geoadriatic.hhi.hr\/en\/\">https:\/\/geoadriatic.hhi.hr\/en\/<\/a><br><img loading=\"lazy\" decoding=\"async\" width=\"150\" height=\"84\" class=\"wp-image-5228\" style=\"width: 150px;\" src=\"https:\/\/opentobe.de\/wp-content\/uploads\/2025\/08\/Bildschirmfoto-2025-08-21-um-02.40.20-scaled.png\" alt=\"\" srcset=\"https:\/\/opentobe.de\/wp-content\/uploads\/2025\/08\/Bildschirmfoto-2025-08-21-um-02.40.20-scaled.png 2560w, https:\/\/opentobe.de\/wp-content\/uploads\/2025\/08\/Bildschirmfoto-2025-08-21-um-02.40.20-300x168.png 300w, https:\/\/opentobe.de\/wp-content\/uploads\/2025\/08\/Bildschirmfoto-2025-08-21-um-02.40.20-1024x574.png 1024w, https:\/\/opentobe.de\/wp-content\/uploads\/2025\/08\/Bildschirmfoto-2025-08-21-um-02.40.20-768x430.png 768w, https:\/\/opentobe.de\/wp-content\/uploads\/2025\/08\/Bildschirmfoto-2025-08-21-um-02.40.20-1536x861.png 1536w, https:\/\/opentobe.de\/wp-content\/uploads\/2025\/08\/Bildschirmfoto-2025-08-21-um-02.40.20-2048x1148.png 2048w, https:\/\/opentobe.de\/wp-content\/uploads\/2025\/08\/Bildschirmfoto-2025-08-21-um-02.40.20-672x372.png 672w, https:\/\/opentobe.de\/wp-content\/uploads\/2025\/08\/Bildschirmfoto-2025-08-21-um-02.40.20-1038x576.png 1038w\" sizes=\"auto, (max-width: 150px) 100vw, 150px\" \/><\/p>\n\n\n\n<hr class=\"wp-block-separator has-alpha-channel-opacity\"\/>\n\n\n\n<p><strong>GPS \/ GNSS-St\u00f6rungen<\/strong>:<\/p>\n\n\n\n<p>Die Karte zeigt Regionen, in denen Flugzeuge vermehrt St\u00f6rungen der Satellitennavigation (GPS\/GNSS) melden. Solche Effekte entstehen meist durch milit\u00e4risches GPS-Jamming oder Spoofing und treten derzeit vor allem im \u00f6stlichen Mittelmeer auf.F\u00fcr Segler bedeutet das: In einzelnen Gebieten k\u00f6nnen Plotter-Position, AIS-Daten oder Autopilot zeitweise unzuverl\u00e4ssig sein. Gute Seemannschaft bedeutet daher weiterhin, elektronische Navigation regelm\u00e4\u00dfig mit Radar, Kompass, Peilungen und Papierkarte zu \u00fcberpr\u00fcfen.<br><img loading=\"lazy\" decoding=\"async\" width=\"150\" height=\"98\" class=\"wp-image-5552\" style=\"width: 150px;\" src=\"https:\/\/opentobe.de\/wp-content\/uploads\/2026\/04\/Bildschirmfoto-2026-04-02-um-08.17.55.png\" alt=\"\" srcset=\"https:\/\/opentobe.de\/wp-content\/uploads\/2026\/04\/Bildschirmfoto-2026-04-02-um-08.17.55.png 323w, https:\/\/opentobe.de\/wp-content\/uploads\/2026\/04\/Bildschirmfoto-2026-04-02-um-08.17.55-300x195.png 300w\" sizes=\"auto, (max-width: 150px) 100vw, 150px\" \/><br><a href=\"https:\/\/rfi.stanford.edu\/\">https:\/\/rfi.stanford.edu\/<\/a><\/p>\n\n\n\n<hr class=\"wp-block-separator has-alpha-channel-opacity\"\/>\n\n\n\n<p><strong>Wetter:<\/strong><\/p>\n\n\n\n<p>Unsere <strong>Wetter-Strategie<\/strong> (auch nach <a href=\"https:\/\/www.wetterwelt.de\/author\/wache\/\">Sebastian Wache<\/a>)<\/p>\n\n\n\n<ol class=\"wp-block-list\">\n<li>Wetterlage \/-entwicklung<\/li>\n\n\n\n<li>Hinweise zu Unwetterlagen<\/li>\n\n\n\n<li>Detailvorhersage f\u00fcr die Region <\/li>\n\n\n\n<li>Abgleich mit aktueller Situation<br><br><\/li>\n<\/ol>\n\n\n\n<p><strong>Unsere Tools bei der &#8222;Wetterarbeit&#8220; in Kroatien, wir arbeiten stets mit mehreren und vor allem mit der Betrachtung von Karten: Hochdruckgebiete, Tiefdruckgebiete, Fronten usw.. <\/strong><\/p>\n\n\n\n<p>Das <span style=\"color: #339966;\"><a href=\"https:\/\/www.plovput.hr\/en\/radio-service\/navtex-system\/navtex-messages?MessageType=Q\">NAVTEX-Wetter<\/a><\/span> erscheint gegen 0240 UTC, also 0440 MESZ. Erst viel sp\u00e4ter gegen 0700 MESZ oder noch sp\u00e4ter erscheint fast identisch der Inhalt auf der Website des DHMZ. Daher nutzen wir die im Internet ver\u00f6ffentlichten NAVTEX-Meldungen:<\/p>\n\n\n\n<p><a href=\"https:\/\/www.plovput.hr\/en\/radio-service\/navtex-system\/navtex-messages?MessageType=Q\">https:\/\/www.plovput.hr\/en\/radio-service\/navtex-system\/navtex-messages?MessageType=Q<\/a><br><img loading=\"lazy\" decoding=\"async\" width=\"150\" height=\"113\" class=\"wp-image-5211\" style=\"width: 150px;\" src=\"https:\/\/opentobe.de\/wp-content\/uploads\/2025\/08\/Bildschirmfoto-2025-08-21-um-02.13.39.png\" alt=\"\" srcset=\"https:\/\/opentobe.de\/wp-content\/uploads\/2025\/08\/Bildschirmfoto-2025-08-21-um-02.13.39.png 1748w, https:\/\/opentobe.de\/wp-content\/uploads\/2025\/08\/Bildschirmfoto-2025-08-21-um-02.13.39-300x226.png 300w, https:\/\/opentobe.de\/wp-content\/uploads\/2025\/08\/Bildschirmfoto-2025-08-21-um-02.13.39-1024x772.png 1024w, https:\/\/opentobe.de\/wp-content\/uploads\/2025\/08\/Bildschirmfoto-2025-08-21-um-02.13.39-768x579.png 768w, https:\/\/opentobe.de\/wp-content\/uploads\/2025\/08\/Bildschirmfoto-2025-08-21-um-02.13.39-1536x1158.png 1536w\" sizes=\"auto, (max-width: 150px) 100vw, 150px\" \/><\/p>\n\n\n\n<p>&#8212;&#8211;<\/p>\n\n\n\n<p>DHMZ &#8211; <span style=\"color: #000000;\">Croatian Meteorological and Hydrological Service, entspricht meistens dem vorher ver\u00f6ffentlichten NAVTEX s.o.<\/span><br><span style=\"color: #000000;\"><a style=\"color: #000000;\" href=\"http:\/\/meteo.hr\/prognoze_e.php?section=prognoze_specp&amp;param=jadran\">Kroatischer Dienst Meteorological and Hydrological Service \u2013 https:\/\/meteo.hr\/prognoze_e.php?section=prognoze_specp&amp;param=jadran&amp;el=jadran_n<\/a><\/span><br><span style=\"color: #000000;\"><strong>und wichtig sind die Karten<\/strong>:  <a href=\"https:\/\/meteo.hr\/index_en.php\">https:\/\/meteo.hr\/index_en.php<\/a><\/span><br>Die hier erscheinenden Meldungen sind gr\u00f6\u00dftenteils schon fr\u00fch am Morgen identisch \u00fcber NAVTEX s.o. verteilt.<br><img loading=\"lazy\" decoding=\"async\" width=\"150\" height=\"130\" class=\"wp-image-5224\" style=\"width: 150px;\" src=\"https:\/\/opentobe.de\/wp-content\/uploads\/2025\/08\/Bildschirmfoto-2025-08-21-um-02.23.51.png\" alt=\"\" srcset=\"https:\/\/opentobe.de\/wp-content\/uploads\/2025\/08\/Bildschirmfoto-2025-08-21-um-02.23.51.png 1698w, https:\/\/opentobe.de\/wp-content\/uploads\/2025\/08\/Bildschirmfoto-2025-08-21-um-02.23.51-300x259.png 300w, https:\/\/opentobe.de\/wp-content\/uploads\/2025\/08\/Bildschirmfoto-2025-08-21-um-02.23.51-1024x884.png 1024w, https:\/\/opentobe.de\/wp-content\/uploads\/2025\/08\/Bildschirmfoto-2025-08-21-um-02.23.51-768x663.png 768w, https:\/\/opentobe.de\/wp-content\/uploads\/2025\/08\/Bildschirmfoto-2025-08-21-um-02.23.51-1536x1326.png 1536w\" sizes=\"auto, (max-width: 150px) 100vw, 150px\" \/><span style=\"color: #000000;\"><br><\/span><br><br>&#8212;&#8211;<br><br><strong>WXCharts (auf TabletPC oder Notebook sehr gut) gibt einen sehr guten \u00dcberblick \u00fcber die Wetterlage und die prognostizierte Entwicklung: <a href=\"https:\/\/www.wxcharts.com\/\">https:\/\/www.wxcharts.com\/<\/a>. Dieser \u00dcberblick hilft dabei, die Zugrichtungen von Hoch- und Tiefdruckgebieten zu erkennen, ebenso Bew\u00f6lkung \/ Unwetter etc.<\/strong><br><img loading=\"lazy\" decoding=\"async\" width=\"150\" height=\"79\" class=\"wp-image-5208\" style=\"width: 150px;\" src=\"https:\/\/opentobe.de\/wp-content\/uploads\/2025\/08\/Bildschirmfoto-2025-08-21-um-02.09.37-scaled.png\" alt=\"\" srcset=\"https:\/\/opentobe.de\/wp-content\/uploads\/2025\/08\/Bildschirmfoto-2025-08-21-um-02.09.37-scaled.png 2560w, https:\/\/opentobe.de\/wp-content\/uploads\/2025\/08\/Bildschirmfoto-2025-08-21-um-02.09.37-300x157.png 300w, https:\/\/opentobe.de\/wp-content\/uploads\/2025\/08\/Bildschirmfoto-2025-08-21-um-02.09.37-1024x536.png 1024w, https:\/\/opentobe.de\/wp-content\/uploads\/2025\/08\/Bildschirmfoto-2025-08-21-um-02.09.37-768x402.png 768w, https:\/\/opentobe.de\/wp-content\/uploads\/2025\/08\/Bildschirmfoto-2025-08-21-um-02.09.37-1536x804.png 1536w, https:\/\/opentobe.de\/wp-content\/uploads\/2025\/08\/Bildschirmfoto-2025-08-21-um-02.09.37-2048x1072.png 2048w\" sizes=\"auto, (max-width: 150px) 100vw, 150px\" \/><br>&#8212;&#8211;<\/p>\n\n\n\n<p>Der Deutsche Wetterdienst mit Wetterlage und Fronten ist ein wichtiger Klassiker und wird von uns genutzt:<br><a href=\"https:\/\/www.dwd.de\/DE\/leistungen\/hobbymet_wk_europa\/hobbyeuropakarten.html\">https:\/\/www.dwd.de\/DE\/leistungen\/hobbymet_wk_europa\/hobbyeuropakarten.html<\/a><br><img loading=\"lazy\" decoding=\"async\" width=\"150\" height=\"116\" class=\"wp-image-5220\" style=\"width: 150px;\" src=\"https:\/\/opentobe.de\/wp-content\/uploads\/2025\/08\/Bildschirmfoto-2025-08-21-um-02.21.36.png\" alt=\"\" srcset=\"https:\/\/opentobe.de\/wp-content\/uploads\/2025\/08\/Bildschirmfoto-2025-08-21-um-02.21.36.png 1954w, https:\/\/opentobe.de\/wp-content\/uploads\/2025\/08\/Bildschirmfoto-2025-08-21-um-02.21.36-300x232.png 300w, https:\/\/opentobe.de\/wp-content\/uploads\/2025\/08\/Bildschirmfoto-2025-08-21-um-02.21.36-1024x791.png 1024w, https:\/\/opentobe.de\/wp-content\/uploads\/2025\/08\/Bildschirmfoto-2025-08-21-um-02.21.36-768x593.png 768w, https:\/\/opentobe.de\/wp-content\/uploads\/2025\/08\/Bildschirmfoto-2025-08-21-um-02.21.36-1536x1187.png 1536w\" sizes=\"auto, (max-width: 150px) 100vw, 150px\" \/><\/p>\n\n\n\n<p>&#8212;&#8211;<br><strong>Windy! <a href=\"http:\/\/www.windy.com\">www.windy.com<\/a> <\/strong><br>(Bei Wind <strong>Anzeige &#8222;Windb\u00f6en&#8220; empfehlenswert). Modelle ECMWF, GFS und ALADIN. Die 3 Modelle sind von uns bevorzugt, doch auch andere werden im Vergleich betrachtet!<\/strong> Anzeige von Gewittern, Niederschl\u00e4gen usw. &#8211; viele Optionen.<br><img loading=\"lazy\" decoding=\"async\" width=\"150\" height=\"76\" class=\"wp-image-5212\" style=\"width: 150px;\" src=\"https:\/\/opentobe.de\/wp-content\/uploads\/2025\/08\/Bildschirmfoto-2025-08-21-um-02.14.40.png\" alt=\"\" srcset=\"https:\/\/opentobe.de\/wp-content\/uploads\/2025\/08\/Bildschirmfoto-2025-08-21-um-02.14.40.png 1510w, https:\/\/opentobe.de\/wp-content\/uploads\/2025\/08\/Bildschirmfoto-2025-08-21-um-02.14.40-300x153.png 300w, https:\/\/opentobe.de\/wp-content\/uploads\/2025\/08\/Bildschirmfoto-2025-08-21-um-02.14.40-1024x522.png 1024w, https:\/\/opentobe.de\/wp-content\/uploads\/2025\/08\/Bildschirmfoto-2025-08-21-um-02.14.40-768x392.png 768w\" sizes=\"auto, (max-width: 150px) 100vw, 150px\" \/><\/p>\n\n\n\n<p>&#8212;&#8211;<\/p>\n\n\n\n<p>!!! <strong>Gewitter<\/strong>: <a href=\"http:\/\/www.lightningmaps.org\">www.lightningmaps.org<\/a> !!!<br><br><\/p>\n\n\n\n<p><\/p>\n\n\n\n<hr class=\"wp-block-separator has-alpha-channel-opacity\"\/>\n\n\n\n<p>+ + + weitere Apps:<\/p>\n\n\n\n<p>Wir haben gute Erfahrungen mit <br><br>HRTmeteo: <a href=\"https:\/\/apps.apple.com\/de\/app\/hrtmeteo\/id1153570358\">https:\/\/apps.apple.com\/de\/app\/hrtmeteo\/id1153570358<\/a><\/p>\n\n\n\n<p>Windy: <a href=\"https:\/\/apps.apple.com\/de\/app\/windy-com-weather-radar\/id1161387262\">https:\/\/apps.apple.com\/de\/app\/windy-com-weather-radar\/id1161387262<\/a><\/p>\n\n\n\n<p>MeteoBlue: <a href=\"https:\/\/apps.apple.com\/de\/app\/meteoblue-wetter-karten\/id994459137\">https:\/\/apps.apple.com\/de\/app\/meteoblue-wetter-karten\/id994459137<\/a><\/p>\n\n\n\n<p>PredictWind<a href=\"https:\/\/apps.apple.com\/de\/app\/predictwind-marine-forecasts\/id477048487\"> https:\/\/apps.apple.com\/de\/app\/predictwind-marine-forecasts\/id477048487<\/a><\/p>\n\n\n\n<p>Wetter ist ein tolles Hobby f\u00fcr Segler. Wer sein Wissen erweitern m\u00f6chte, um die Wetterarbeit an Bord noch besser erledigen zu k\u00f6nnen, dem empfehle ich aus unserer Bord-Bibliothek die folgenden B\u00fccher:<\/p>\n\n\n\n<figure class=\"wp-block-image size-large\"><a href=\"https:\/\/opentobe.de\/wp-content\/uploads\/2024\/09\/IMG_6753-scaled.jpeg\"><img loading=\"lazy\" decoding=\"async\" width=\"768\" height=\"1024\" src=\"https:\/\/opentobe.de\/wp-content\/uploads\/2024\/09\/IMG_6753-768x1024.jpeg\" alt=\"\" class=\"wp-image-4698\" srcset=\"https:\/\/opentobe.de\/wp-content\/uploads\/2024\/09\/IMG_6753-768x1024.jpeg 768w, https:\/\/opentobe.de\/wp-content\/uploads\/2024\/09\/IMG_6753-225x300.jpeg 225w, https:\/\/opentobe.de\/wp-content\/uploads\/2024\/09\/IMG_6753-1152x1536.jpeg 1152w, https:\/\/opentobe.de\/wp-content\/uploads\/2024\/09\/IMG_6753-1536x2048.jpeg 1536w, https:\/\/opentobe.de\/wp-content\/uploads\/2024\/09\/IMG_6753-scaled.jpeg 1920w\" sizes=\"auto, (max-width: 768px) 100vw, 768px\" \/><\/a><\/figure>\n","protected":false},"excerpt":{"rendered":"<p>nautische E-Services: Aktualisierung Seekarten, Notices to Mariners, Radio Navigational Warnings&#8230; \u00fcber das neue (seit 06\/2025) Geoportal in einem Dashboard, was fr\u00fcher einzelne Links waren: https:\/\/geoadriatic.hhi.hr\/en\/ GPS \/ GNSS-St\u00f6rungen: Die Karte zeigt Regionen, in denen Flugzeuge vermehrt St\u00f6rungen der Satellitennavigation (GPS\/GNSS) melden. Solche Effekte entstehen meist durch milit\u00e4risches GPS-Jamming oder Spoofing und treten derzeit vor allem [&hellip;]<\/p>\n","protected":false},"author":1,"featured_media":0,"parent":0,"menu_order":0,"comment_status":"closed","ping_status":"closed","template":"","meta":{"footnotes":""},"class_list":["post-195","page","type-page","status-publish","hentry"],"_links":{"self":[{"href":"https:\/\/opentobe.de\/index.php?rest_route=\/wp\/v2\/pages\/195","targetHints":{"allow":["GET"]}}],"collection":[{"href":"https:\/\/opentobe.de\/index.php?rest_route=\/wp\/v2\/pages"}],"about":[{"href":"https:\/\/opentobe.de\/index.php?rest_route=\/wp\/v2\/types\/page"}],"author":[{"embeddable":true,"href":"https:\/\/opentobe.de\/index.php?rest_route=\/wp\/v2\/users\/1"}],"replies":[{"embeddable":true,"href":"https:\/\/opentobe.de\/index.php?rest_route=%2Fwp%2Fv2%2Fcomments&post=195"}],"version-history":[{"count":251,"href":"https:\/\/opentobe.de\/index.php?rest_route=\/wp\/v2\/pages\/195\/revisions"}],"predecessor-version":[{"id":5559,"href":"https:\/\/opentobe.de\/index.php?rest_route=\/wp\/v2\/pages\/195\/revisions\/5559"}],"wp:attachment":[{"href":"https:\/\/opentobe.de\/index.php?rest_route=%2Fwp%2Fv2%2Fmedia&parent=195"}],"curies":[{"name":"wp","href":"https:\/\/api.w.org\/{rel}","templated":true}]}}