{"id":2301,"date":"2021-09-17T06:42:04","date_gmt":"2021-09-17T04:42:04","guid":{"rendered":"https:\/\/opentobe.de\/?page_id=2301"},"modified":"2025-10-23T21:58:36","modified_gmt":"2025-10-23T19:58:36","slug":"skipper-heino-kuhlemann","status":"publish","type":"page","link":"https:\/\/opentobe.de\/?page_id=2301","title":{"rendered":"#Skipper \/ Kontakt"},"content":{"rendered":"\n<p><\/p>\n\n\n\n<p>Wir sind auf See stets erreichbar auf CH16 (SY OpenToBe, Call Sign DB3300) und kuhlemann@OpenToBe.de sowie:<\/p>\n\n\n\n<p>Skipper: Heino Kuhlemann<br><a href=\"mailto:kuhlemann@OpenToBe.de\">kuhlemann@OpenToBe.de<\/a>, +49 151 67230645<br><br>Segler seit 1969 (mit 6 Monaten auf unserem Botter), selbst am Steuer seit Mitte der 1970er: Yacht, Optimist (16. bei Deutschen Meisterschaften 1983 vor Gelting \/ Ostsee), Lasersegler<\/p>\n\n\n\n<p><strong>Lizenzen Heino Kuhlemann:<\/strong><br>1.<strong> f\u00fcr privates Skippern mit Crews weltweit. <\/strong><br>2. <strong>F\u00fcr gewerbliches Skippern \/ Ausbilden ohne Meilenbegrenzung im gesamten Gebiet: Mittelmeer, Ostsee, Nordsee, Englischer Kanal, Bristol Kanal, Schottische und Irische See, Schwarzes Meer sowie weltweit dar\u00fcber hinaus bis 30nm von der K\u00fcste (gewerblich)<br><br>Sportseeschifferschein (SSS) mit Praxispr\u00fcfung auf dem Atlantik (Kanaren) sowie SKS, SRC, UBI, Sachkunde Pyrotechnik (incl. Signalpistole Kaliber 4), SBF Binnen \/ See, DSV Revierfahrt f\u00fcr Regattasegeln (R), J\u00fcngstensegelschein, kroatischer &#8222;Boat Skipper B&#8220;<br><\/strong><br><br>Mitgliedschaften: <a href=\"https:\/\/www.sea-help.eu\/\">Sea-Help<\/a>, <a href=\"https:\/\/aci-marinas.com\/de\/\">ACI Marinas<\/a>, <a href=\"https:\/\/www.trans-ocean.org\/\">Trans-Ocean<\/a>, <a href=\"https:\/\/www.dsv.org\/segeln\/fahrtensegeln\/\">DSV-Abteilung Fahrtensegeln<\/a><\/p>\n\n\n\n<p>Wir kooperieren mit empfehlenswerten Schulen f\u00fcr Theorie und Praxis auf Yachten. Selbst bieten wir Training im Rahmen unserer Events an.<\/p>\n\n\n\n<p>Empfehlenswerte Online-Yachtsschule und unser offizieller Partner ist SegelnAG&nbsp;<a href=\"https:\/\/partner-boat.com\/idevaffiliate.php?id=47\">https:\/\/partner-boat.com\/idevaffiliate.php?id=47<\/a><\/p>\n\n\n\n<figure class=\"wp-block-image size-large\"><a href=\"https:\/\/opentobe.de\/wp-content\/uploads\/2025\/04\/IMG_8215-scaled.jpeg\"><img loading=\"lazy\" decoding=\"async\" width=\"1024\" height=\"768\" src=\"https:\/\/opentobe.de\/wp-content\/uploads\/2025\/04\/IMG_8215-1024x768.jpeg\" alt=\"\" class=\"wp-image-4821\" srcset=\"https:\/\/opentobe.de\/wp-content\/uploads\/2025\/04\/IMG_8215-1024x768.jpeg 1024w, https:\/\/opentobe.de\/wp-content\/uploads\/2025\/04\/IMG_8215-300x225.jpeg 300w, https:\/\/opentobe.de\/wp-content\/uploads\/2025\/04\/IMG_8215-768x576.jpeg 768w, https:\/\/opentobe.de\/wp-content\/uploads\/2025\/04\/IMG_8215-1536x1152.jpeg 1536w, https:\/\/opentobe.de\/wp-content\/uploads\/2025\/04\/IMG_8215-2048x1536.jpeg 2048w\" sizes=\"auto, (max-width: 1024px) 100vw, 1024px\" \/><\/a><\/figure>\n","protected":false},"excerpt":{"rendered":"<p>Wir sind auf See stets erreichbar auf CH16 (SY OpenToBe, Call Sign DB3300) und kuhlemann@OpenToBe.de sowie: Skipper: Heino Kuhlemannkuhlemann@OpenToBe.de, +49 151 67230645 Segler seit 1969 (mit 6 Monaten auf unserem Botter), selbst am Steuer seit Mitte der 1970er: Yacht, Optimist (16. bei Deutschen Meisterschaften 1983 vor Gelting \/ Ostsee), Lasersegler Lizenzen Heino Kuhlemann:1. f\u00fcr privates [&hellip;]<\/p>\n","protected":false},"author":1,"featured_media":5114,"parent":0,"menu_order":0,"comment_status":"closed","ping_status":"closed","template":"","meta":{"footnotes":""},"class_list":["post-2301","page","type-page","status-publish","has-post-thumbnail","hentry"],"_links":{"self":[{"href":"https:\/\/opentobe.de\/index.php?rest_route=\/wp\/v2\/pages\/2301","targetHints":{"allow":["GET"]}}],"collection":[{"href":"https:\/\/opentobe.de\/index.php?rest_route=\/wp\/v2\/pages"}],"about":[{"href":"https:\/\/opentobe.de\/index.php?rest_route=\/wp\/v2\/types\/page"}],"author":[{"embeddable":true,"href":"https:\/\/opentobe.de\/index.php?rest_route=\/wp\/v2\/users\/1"}],"replies":[{"embeddable":true,"href":"https:\/\/opentobe.de\/index.php?rest_route=%2Fwp%2Fv2%2Fcomments&post=2301"}],"version-history":[{"count":72,"href":"https:\/\/opentobe.de\/index.php?rest_route=\/wp\/v2\/pages\/2301\/revisions"}],"predecessor-version":[{"id":5354,"href":"https:\/\/opentobe.de\/index.php?rest_route=\/wp\/v2\/pages\/2301\/revisions\/5354"}],"wp:featuredmedia":[{"embeddable":true,"href":"https:\/\/opentobe.de\/index.php?rest_route=\/wp\/v2\/media\/5114"}],"wp:attachment":[{"href":"https:\/\/opentobe.de\/index.php?rest_route=%2Fwp%2Fv2%2Fmedia&parent=2301"}],"curies":[{"name":"wp","href":"https:\/\/api.w.org\/{rel}","templated":true}]}}