{"id":4841,"date":"2025-04-25T11:50:51","date_gmt":"2025-04-25T09:50:51","guid":{"rendered":"https:\/\/opentobe.de\/?page_id=4841"},"modified":"2026-05-13T09:28:37","modified_gmt":"2026-05-13T07:28:37","slug":"to-stuetzpunkt-kroatien-trans-ocean-e-v","status":"publish","type":"page","link":"https:\/\/opentobe.de\/?page_id=4841","title":{"rendered":"## TO-St\u00fctzpunkt in Kroatien \/ Trans Ocean e.V.  ##"},"content":{"rendered":"\n<p>Als TO-St\u00fctzpunkt in Kroatien unterst\u00fctzen wir ehrenamtlich Segler\/innen und Yachten bei Fragen und organisieren Treffen in der Community. Trans Ocean e.V. bietet als weltweite Community von Mitgliederinnen und Mitgliedern sowie St\u00fctzpunkten ein sehr gutes Netzwerk. Die OpenToBe ist an der gesamten kroatischen K\u00fcste in der Inselwelt regelm\u00e4\u00dfig auf T\u00f6rn.<\/p>\n\n\n\n<p>Es sind bereits einige TO-Mitglieder in Kroatien vernetzt und tauschen Eindr\u00fccke und Erfahrungen aus. Wir veranstalten regelm\u00e4\u00dfig Treffen in der &#8222;virtuellen Hafen-Bar&#8220; (zoom) und nat\u00fcrlich bieten wir Treffpunkte vor Anker.<br><br>Die n\u00e4chsten <strong>Termine<\/strong> (stets unter Wetter-Vorbehalt, \u00c4nderungen m\u00f6glich)<\/p>\n\n\n\n<p><\/p>\n\n\n\n<p><strong>29.4.-23.5.2026:<\/strong> <strong>TO-St\u00fctzpunkttreffen auf T\u00f6rn &#8211; vor Anker oder Boje<\/strong> &#8211; wer in der N\u00e4he ist.<br>irgendwo Rab &#8211; Ilovik &#8211; Premuda &#8211; Ist &#8211; Murter &#8211; Kornaten &#8211; &#8230; wir sind auf T\u00f6rn.<br>Wir planen kleine und spontane TO-Treffen, Details nach Wetter.<\/p>\n\n\n\n<p><strong>29.6.-13.7.2026:<\/strong> <strong><strong>TO-St\u00fctzpunkttreffen auf T\u00f6rn &#8211; vor Anker oder Boje<\/strong> &#8211; wer in der N\u00e4he ist.<\/strong><br>irgendwo Rab &#8211; Ilovik &#8211; Premuda &#8211; Ist &#8211; Murter &#8211; Kornaten &#8211; &#8230; wir sind auf T\u00f6rn.<br>Wir planen kleine und spontane TO-Treffen, Details nach Wetter.<br><br><strong>27.8.-7.8.2026: <strong>TO-St\u00fctzpunkttreffen auf T\u00f6rn &#8211; vor Anker oder Boje<\/strong> &#8211; wer in der N\u00e4he ist.<\/strong><\/p>\n\n\n\n<p><strong>15.8.2026: TO-St\u00fctzpunkt-Treffen im Biergarten in Schliersee ab 1200<\/strong><\/p>\n\n\n\n<p class=\"has-vivid-red-color has-text-color has-link-color wp-elements-4c0417c5de281abfe34c08d38a27984b\"><strong>24.9.2026: TO-Yacht-Treffpunkt<\/strong> (<strong>wahrscheinlich dieser Termin leider ohne OpenToBe)<\/strong> vor einer guten Konoba bei Dugi Otok \/ Zut \/ Murter &#8211; Details folgen, mit Wetteralternativen<\/p>\n\n\n\n<p><strong>5.10.2026: TO-St\u00fctzpunkt Treffen vor Anker: <\/strong>Region Insel Dugi Otok nach Wetter<\/p>\n\n\n\n<p><strong>Und immer nat\u00fcrlich freuen wir uns, wenn Treffen auch ohne die SY OpenToBe organisiert werden. Einfach \u00fcber die WhatsApp-Gruppe (&#8222;TO-St\u00fctzpunkttreffen Kroatien&#8220;)<\/strong><\/p>\n\n\n\n<p>Bei allen Fragen und Unterst\u00fctzungsw\u00fcnschen gerne eMail oder WhatsApp-Nachricht: <a href=\"mailto:kuhlemann@OpenToBe.de\">kuhlemann@OpenToBe.de<\/a> \/ +4915167230645<\/p>\n\n\n\n<p>Hier geht es zur \u00dcbersicht weltweit:&nbsp;<a href=\"https:\/\/www.trans-ocean.org\/stuetzpunkte\">https:\/\/www.trans-ocean.org\/stuetzpunkte<\/a><\/p>\n\n\n\n<figure class=\"wp-block-image size-large\"><a href=\"https:\/\/opentobe.de\/wp-content\/uploads\/2025\/09\/IMG_0479-scaled.jpeg\"><img loading=\"lazy\" decoding=\"async\" width=\"768\" height=\"1024\" src=\"https:\/\/opentobe.de\/wp-content\/uploads\/2025\/09\/IMG_0479-768x1024.jpeg\" alt=\"\" class=\"wp-image-5337\" srcset=\"https:\/\/opentobe.de\/wp-content\/uploads\/2025\/09\/IMG_0479-768x1024.jpeg 768w, https:\/\/opentobe.de\/wp-content\/uploads\/2025\/09\/IMG_0479-225x300.jpeg 225w, https:\/\/opentobe.de\/wp-content\/uploads\/2025\/09\/IMG_0479-1152x1536.jpeg 1152w, https:\/\/opentobe.de\/wp-content\/uploads\/2025\/09\/IMG_0479-1536x2048.jpeg 1536w, https:\/\/opentobe.de\/wp-content\/uploads\/2025\/09\/IMG_0479-scaled.jpeg 1920w\" sizes=\"auto, (max-width: 768px) 100vw, 768px\" \/><\/a><\/figure>\n","protected":false},"excerpt":{"rendered":"<p>Als TO-St\u00fctzpunkt in Kroatien unterst\u00fctzen wir ehrenamtlich Segler\/innen und Yachten bei Fragen und organisieren Treffen in der Community. Trans Ocean e.V. bietet als weltweite Community von Mitgliederinnen und Mitgliedern sowie St\u00fctzpunkten ein sehr gutes Netzwerk. Die OpenToBe ist an der gesamten kroatischen K\u00fcste in der Inselwelt regelm\u00e4\u00dfig auf T\u00f6rn. Es sind bereits einige TO-Mitglieder in [&hellip;]<\/p>\n","protected":false},"author":1,"featured_media":0,"parent":0,"menu_order":0,"comment_status":"closed","ping_status":"closed","template":"","meta":{"footnotes":""},"class_list":["post-4841","page","type-page","status-publish","hentry"],"_links":{"self":[{"href":"https:\/\/opentobe.de\/index.php?rest_route=\/wp\/v2\/pages\/4841","targetHints":{"allow":["GET"]}}],"collection":[{"href":"https:\/\/opentobe.de\/index.php?rest_route=\/wp\/v2\/pages"}],"about":[{"href":"https:\/\/opentobe.de\/index.php?rest_route=\/wp\/v2\/types\/page"}],"author":[{"embeddable":true,"href":"https:\/\/opentobe.de\/index.php?rest_route=\/wp\/v2\/users\/1"}],"replies":[{"embeddable":true,"href":"https:\/\/opentobe.de\/index.php?rest_route=%2Fwp%2Fv2%2Fcomments&post=4841"}],"version-history":[{"count":132,"href":"https:\/\/opentobe.de\/index.php?rest_route=\/wp\/v2\/pages\/4841\/revisions"}],"predecessor-version":[{"id":5623,"href":"https:\/\/opentobe.de\/index.php?rest_route=\/wp\/v2\/pages\/4841\/revisions\/5623"}],"wp:attachment":[{"href":"https:\/\/opentobe.de\/index.php?rest_route=%2Fwp%2Fv2%2Fmedia&parent=4841"}],"curies":[{"name":"wp","href":"https:\/\/api.w.org\/{rel}","templated":true}]}}