{"id":892,"date":"2020-02-16T08:34:36","date_gmt":"2020-02-16T06:34:36","guid":{"rendered":"https:\/\/opentobe.de\/?page_id=892"},"modified":"2026-04-16T08:46:48","modified_gmt":"2026-04-16T06:46:48","slug":"marina-boje-tickets","status":"publish","type":"page","link":"https:\/\/opentobe.de\/?page_id=892","title":{"rendered":"Apps | Karten | B\u00fccherschapp | Passage Plan | Crewliste | Kurtaxe | Permit | Kornaten"},"content":{"rendered":"\n<p><strong>Empfehlung Seekarten &#8211; wir empfehlen die amtlichen \/ offiziellen kroatischen Karten<\/strong>. Diese sind in Kroatien vorgeschrieben, d.h. es reichen nicht die sonstigen Sportbootkarten. Im \u00dcbrigen sind die aber auch inhaltlich wirklich sehr gut!<br><br><a href=\"https:\/\/www.freytagberndt.com\/de\/seekarten-set-kroatien-gesamt-1-100-000.html\">https:\/\/www.freytagberndt.com\/de\/seekarten-set-kroatien-gesamt-1-100-000.html<\/a><\/p>\n\n\n\n<p>Da es sich um die amtlichen Karten, kann man diese auf Basis der Ver\u00f6ffentlichgungen im Dashboard selbst berichtigen: + + + nautische E-Services +++<br><br>Aktualisierung Seekarten, Notices to Mariners, Radio Navigational Warnings<strong>\u2026<\/strong>&nbsp;\u00fcber das neue (seit 06\/2025) Geoportal in einem Dashboard, was fr\u00fcher einzelne Links waren:&nbsp;<a href=\"https:\/\/geoadriatic.hhi.hr\/en\/\">https:\/\/geoadriatic.hhi.hr\/en\/<\/a><br><img loading=\"lazy\" decoding=\"async\" width=\"150\" height=\"84\" srcset=\"https:\/\/opentobe.de\/wp-content\/uploads\/2025\/08\/Bildschirmfoto-2025-08-21-um-02.40.20-scaled.png 2560w, https:\/\/opentobe.de\/wp-content\/uploads\/2025\/08\/Bildschirmfoto-2025-08-21-um-02.40.20-300x168.png 300w, https:\/\/opentobe.de\/wp-content\/uploads\/2025\/08\/Bildschirmfoto-2025-08-21-um-02.40.20-1024x574.png 1024w, https:\/\/opentobe.de\/wp-content\/uploads\/2025\/08\/Bildschirmfoto-2025-08-21-um-02.40.20-768x430.png 768w, https:\/\/opentobe.de\/wp-content\/uploads\/2025\/08\/Bildschirmfoto-2025-08-21-um-02.40.20-1536x861.png 1536w, https:\/\/opentobe.de\/wp-content\/uploads\/2025\/08\/Bildschirmfoto-2025-08-21-um-02.40.20-2048x1148.png 2048w, https:\/\/opentobe.de\/wp-content\/uploads\/2025\/08\/Bildschirmfoto-2025-08-21-um-02.40.20-672x372.png 672w, https:\/\/opentobe.de\/wp-content\/uploads\/2025\/08\/Bildschirmfoto-2025-08-21-um-02.40.20-1038x576.png 1038w\" src=\"https:\/\/opentobe.de\/wp-content\/uploads\/2025\/08\/Bildschirmfoto-2025-08-21-um-02.40.20-scaled.png\" alt=\"\"><br>Direkt zu den NtM: <a href=\"https:\/\/www.hhi.hr\/en\/e-services\/notice-to-mariners\">https:\/\/www.hhi.hr\/en\/e-services\/notice-to-mariners<\/a><\/p>\n\n\n\n<p>&#8212;<\/p>\n\n\n\n<p><strong>Apps: <\/strong>Wir verwenden Navionics f\u00fcr die Navigation sowie Navily und Savvy Navvy vor allem f\u00fcr die T\u00f6rnplanung. Navily bietet sehr gute aktuelle Eintr\u00e4ge von Benutzern<br>Zum App Store:<\/p>\n\n\n\n<p><a href=\"https:\/\/www.navily.com\/de\">https:\/\/www.navily.com\/de<\/a><\/p>\n\n\n\n<p>&#8212;<\/p>\n\n\n\n<p>In Kroatien ben\u00f6tigt man ein <strong>Permit<\/strong>, das immer f\u00fcr ein Kalenderjahr zu bezahlen ist, ganz gleich, wie lange man bleibt. Das geht \u00fcber Mandinus rein online! Zudem ist die <strong>Kurtaxe<\/strong> zu entrichten, welche man f\u00fcr Tage auch \u00fcber Jahresgrenzen hinweg online bucht. Das geht alles inzwischen online!<\/p>\n\n\n\n<p>Online Kurtaxe Kroatien:<\/p>\n\n\n\n<p><a href=\"https:\/\/nautika.evisitor.hr\">https:\/\/nautika.evisitor.hr<\/a><\/p>\n\n\n\n<p>Permit online bestellen \u00fcber &#8222;Agenten&#8220; Mandinus:<br><br><a href=\"https:\/\/mandinus.hr\/de\/online-bootsanmeldung-kroatien-vignette-permit\/\">https:\/\/mandinus.hr\/de\/online-bootsanmeldung-kroatien-vignette-permit\/<\/a><\/p>\n\n\n\n<p>Online Geb\u00fchren f\u00fcr die Kornaten:<\/p>\n\n\n\n<p><a href=\"https:\/\/www.np-kornati.hr\/en\/\">https:\/\/www.np-kornati.hr\/en\/<\/a><\/p>\n\n\n\n<p>Online Geb\u00fchren Telascica Nationalpark<br><br><a rel=\"noreferrer noopener\" href=\"https:\/\/my-sea.com\/de\/naturpark-telascica\" target=\"_blank\">https:\/\/my-sea.com\/de\/naturpark-telascica<\/a><\/p>\n\n\n\n<p>&#8212;<\/p>\n\n\n\n<p>Wir haben zudem selbst einige freiwillig zu verwendende Vorlagen ver\u00f6ffentlicht:<br>1. Passage Plan f\u00fcr die Tagesplanung<\/p>\n\n\n\n<div class=\"wp-block-file\"><a id=\"wp-block-file--media-a42fd9f1-df26-47ad-ab37-bc0da5bfe67c\" href=\"https:\/\/opentobe.de\/wp-content\/uploads\/2024\/06\/OpenToBePassagePlanVorlage.xlsx\">OpenToBe#PassagePlan#Vorlage<\/a><a href=\"https:\/\/opentobe.de\/wp-content\/uploads\/2024\/06\/OpenToBePassagePlanVorlage.xlsx\" class=\"wp-block-file__button wp-element-button\" download aria-describedby=\"wp-block-file--media-a42fd9f1-df26-47ad-ab37-bc0da5bfe67c\">Herunterladen<\/a><\/div>\n\n\n\n<p><\/p>\n\n\n\n<p>2. Vorlage Crewliste (nur verpflichtend bei Einreise nach Kroatien aus Nicht-Schengen-Staaten, sinnvoll aber immer)<\/p>\n\n\n\n<p><a href=\"https:\/\/opentobe.de\/wp-content\/uploads\/2020\/06\/2020-06-21Crewliste-Vorlage.xlsx\">https:\/\/opentobe.de\/wp-content\/uploads\/2020\/06\/2020-06-21Crewliste-Vorlage.xlsx<\/a><\/p>\n\n\n\n<p>&#8212;<\/p>\n\n\n\n<p class=\"has-vivid-red-color has-text-color has-link-color wp-elements-a4721c0dbf0fa95d74a9740d929fc9d7\">Unser B\u00fccherschapp: <strong>Empfehlung Revierb\u00fccher:<\/strong><\/p>\n\n\n\n<p>Thomas K\u00e4sbohrer: <br>Buchtenfinder Nord <a href=\"https:\/\/amzn.eu\/d\/0jcXWp2n\">https:\/\/amzn.eu\/d\/0jcXWp2n<\/a><br>Buchtenfinder S\u00fcd <a href=\"https:\/\/amzn.eu\/d\/0fCoBLhX\">https:\/\/amzn.eu\/d\/00aK2RUg<\/a><\/p>\n\n\n\n<p>Karl-Heinz Best\u00e4ndig: 888 H\u00e4fen <a href=\"https:\/\/amzn.eu\/d\/eUoVUB5\">https:\/\/amzn.eu\/d\/eUoVUB5<\/a><\/p>\n\n\n\n<p>Bodo M\u00fcller: K\u00fcstenhandbuch Nord <a href=\"https:\/\/amzn.eu\/d\/hKQJy0W\">https:\/\/amzn.eu\/d\/hKQJy0W<\/a><\/p>\n\n\n\n<p>Bodo M\u00fcller: K\u00fcstenhandbuch S\u00fcd <a href=\"https:\/\/amzn.eu\/d\/e2j0lFs\">https:\/\/amzn.eu\/d\/e2j0lFs<\/a><\/p>\n\n\n\n<p>Bodo M\u00fcller: Schlemmert\u00f6rns <a href=\"https:\/\/amzn.eu\/d\/09tYT0mq\">https:\/\/amzn.eu\/d\/09tYT0mq<\/a><\/p>\n\n\n\n<p>Axel Kramer: Hafenf\u00fchrer Adria Nord: <a href=\"https:\/\/amzn.eu\/d\/080KnFvX\">https:\/\/amzn.eu\/d\/080KnFvX<\/a><\/p>\n\n\n\n<p>Axel Kramer: Hafenf\u00fchrer Adria S\u00fcd: <a href=\"https:\/\/amzn.eu\/d\/00nh3GU9\">https:\/\/amzn.eu\/d\/00nh3GU9<\/a><\/p>\n\n\n\n<p><\/p>\n\n\n\n<p>Tipp: Tipp: Der Nautik-Blog <a href=\"https:\/\/kristijan-antic.com\/blog-kategorie\/nautik\/\">https:\/\/kristijan-antic.com\/blog-kategorie\/nautik\/<\/a> ist gut gemacht und enth\u00e4lt immer ein paar Einheimischen-Tipps<\/p>\n","protected":false},"excerpt":{"rendered":"<p>Empfehlung Seekarten &#8211; wir empfehlen die amtlichen \/ offiziellen kroatischen Karten. Diese sind in Kroatien vorgeschrieben, d.h. es reichen nicht die sonstigen Sportbootkarten. Im \u00dcbrigen sind die aber auch inhaltlich wirklich sehr gut! https:\/\/www.freytagberndt.com\/de\/seekarten-set-kroatien-gesamt-1-100-000.html Da es sich um die amtlichen Karten, kann man diese auf Basis der Ver\u00f6ffentlichgungen im Dashboard selbst berichtigen: + + + [&hellip;]<\/p>\n","protected":false},"author":1,"featured_media":0,"parent":0,"menu_order":0,"comment_status":"closed","ping_status":"closed","template":"","meta":{"footnotes":""},"class_list":["post-892","page","type-page","status-publish","hentry"],"_links":{"self":[{"href":"https:\/\/opentobe.de\/index.php?rest_route=\/wp\/v2\/pages\/892","targetHints":{"allow":["GET"]}}],"collection":[{"href":"https:\/\/opentobe.de\/index.php?rest_route=\/wp\/v2\/pages"}],"about":[{"href":"https:\/\/opentobe.de\/index.php?rest_route=\/wp\/v2\/types\/page"}],"author":[{"embeddable":true,"href":"https:\/\/opentobe.de\/index.php?rest_route=\/wp\/v2\/users\/1"}],"replies":[{"embeddable":true,"href":"https:\/\/opentobe.de\/index.php?rest_route=%2Fwp%2Fv2%2Fcomments&post=892"}],"version-history":[{"count":63,"href":"https:\/\/opentobe.de\/index.php?rest_route=\/wp\/v2\/pages\/892\/revisions"}],"predecessor-version":[{"id":5562,"href":"https:\/\/opentobe.de\/index.php?rest_route=\/wp\/v2\/pages\/892\/revisions\/5562"}],"wp:attachment":[{"href":"https:\/\/opentobe.de\/index.php?rest_route=%2Fwp%2Fv2%2Fmedia&parent=892"}],"curies":[{"name":"wp","href":"https:\/\/api.w.org\/{rel}","templated":true}]}}